{"id":82,"date":"2012-09-06T00:51:02","date_gmt":"2012-09-05T22:51:02","guid":{"rendered":"http:\/\/www.ciach.net\/aci\/?page_id=82"},"modified":"2012-10-14T21:55:38","modified_gmt":"2012-10-14T19:55:38","slug":"mzs-v-1","status":"publish","type":"page","link":"https:\/\/www.ciach.net\/aci\/?page_id=82","title":{"rendered":"MZS v.1"},"content":{"rendered":"<p>Program Mini Zdalne Sterowanie v.1.0<\/p>\n<p><a title=\"Klient v.1.0\" href=\"http:\/\/www.ciach.net\/aci\/download\/setup_mzs.v1.client.exe\">Klient v.1.0<\/a> &#8211; ten komponent instaluje si\u0119 na komputerze &#8222;rodzica&#8221;<\/p>\n<p><a title=\"Serwer\" href=\"http:\/\/www.ciach.net\/aci\/download\/setup_mzs.v1.serwer.zip\">Serwer v.1.0<\/a> &#8211; ten komponent instaluje si\u0119 na komputerze\/komputerach &#8222;dziecka&#8221;<\/p>\n<p><a title=\"Klient i Serwer\" href=\"http:\/\/www.ciach.net\/aci\/download\/mzs.v.1.zip\">Klient i Serwer v.1.0 (razem)<\/a> &#8211; paczka zawieraj\u0105ca komponent serwera i klienta<\/p>\n<p>Pomys\u0142 programu narodzi\u0142 si\u0119 w g\u0142owie mojej kole\u017canki &#8211; Mamy bardzo fajnego Synka &#8211; kt\u00f3ry to Synek sp\u0119dza\u0142 zdaniem Mamy nieco zbyt du\u017co czasu przy komputerze i nie zawsze reagowa\u0142 na pro\u015bby Mamy dotycz\u0105ce przerwania\/zako\u0144czenia zabawy\/pracy na komputerze.<\/p>\n<p>Okaza\u0142o si\u0119, \u017ce wy\u015bwietlenie odpowiedniego komunikatu, po\u0142\u0105czone z mo\u017cliwo\u015bci\u0105 blokady na jaki\u015b czas daje zadziwiaj\u0105co dobre rezultaty <img decoding=\"async\" title=\"Smile\" src=\"http:\/\/www.ciach.net\/aci\/wp-content\/plugins\/ultimate-tinymce\/emotions\/img\/smiley-smile.gif\" alt=\"Smile\" border=\"0\" \/><\/p>\n<p>Program przeznaczony jest dla tych os\u00f3b, kt\u00f3re maja w domu co najmniej 2 komputery po\u0142\u0105czone sieci\u0105 lokaln\u0105. Nie jest to program &#8222;szpieguj\u0105cy&#8221; dzia\u0142anie dziecka, naszym zdaniem pomaga czasami wyegzekwowa\u0107 ustalone wcze\u015bniej zasady, jest w tym z regu\u0142y bardziej konsekwentny, ni\u017c wielu rodzic\u00f3w <img decoding=\"async\" title=\"Smile\" src=\"http:\/\/www.ciach.net\/aci\/wp-content\/plugins\/ultimate-tinymce\/emotions\/img\/smiley-smile.gif\" alt=\"Smile\" border=\"0\" \/>\u00a0.<\/p>\n<p>Wszelkie uwagi i pytania na temat dzia\u0142ania programu, pomys\u0142y na jego modyfikacje itp. prosz\u0119 przesy\u0142a\u0107 na adres mzs.v1@ciach.net<\/p>\n<p>Generalnie program s\u0142u\u017cy do wykonania kilku komend na zdalnym komputerze (czyli komputerze &#8222;dziecka&#8221;, kt\u00f3ry nazywany tu te\u017c jest serwerem).<br \/>\nDost\u0119pne polecenia to:<br \/>\n&#8211; wy\u015bwietlenie komunikatu na ekranie komputera zdalnego, okno z komunikatem<br \/>\nmo\u017cna zamkn\u0105\u0107 natychmiast i dalej pracowa\u0107<\/p>\n<p>&#8211; wy\u015bwietlenie komunikatu na ekranie komputera zdalnego, okno z komunikatem<br \/>\nmo\u017cna zamkn\u0105\u0107 po up\u0142ywie okre\u015blonego czasu, przed up\u0142ywem tego czasu praca na<br \/>\nzdalnym komputerze jest zablokowana<\/p>\n<p>&#8211; wy\u0142\u0105czenie zdalnego komputera &#8211; natychmiastowe albo po okre\u015blonym czasie<\/p>\n<p>&#8211; zablokowanie zdalnego komputera &#8211; ta funkcja powoduje, \u017ce komputer b\u0119dzie<br \/>\nblokowany przy ka\u017cdym starcie a\u017c do up\u0142ywu ustawionego wcze\u015bniej czasu, aby ta<br \/>\nfunkcja dzia\u0142a\u0142a aplikacja serwera musi uruchamia\u0107 si\u0119 przy starcie systemu<br \/>\nWindows, mo\u017cna odblokowa\u0107 wy\u0142\u0105czenia komputera za pomoc\u0105 has\u0142a odblokowuj\u0105cego,<br \/>\ndomy\u015blne has\u0142o to svchost102, has\u0142o mo\u017cna zmieni\u0107 &#8211; wybieraj\u0105c odpowiedni\u0105 opcj\u0119<br \/>\nz menu systemowego serwera (prosz\u0119 zajrze\u0107 do opisu serwera).<\/p>\n<p>Po w\u0142\u0105czeniu program zaczyna szuka\u0107 komputer\u00f3w z zainstalowanym serwerem<br \/>\naplikacji. Do szukania wykorzystywany jest protok\u00f3\u0142 UDP i komunikaty typu<br \/>\nbroadcast, w szczeg\u00f3lno\u015bci oznacza to, \u017ce wyszukiwanie dzia\u0142a jedynie w obr\u0119bie<br \/>\nsieci lokalnej.<\/p>\n<p>Poniewa\u017c program jest aplikacj\u0105 korzystaj\u0105c\u0105 mocno z sieci komputerowej wiele program\u00f3w zabezpieczaj\u0105cych komputer (antywirusy, firewalle itp.) mo\u017ce traktowa\u0107 go jako potencjalnie niebezpieczny. Mo\u017ce si\u0119 okaza\u0107, \u017ce przy pierwszym uruchomieniu trzeba b\u0119dzie utworzy\u0107 dla\u00a0aplikacji odpowiednie wpisy w regu\u0142ach firewall i\/lub programu antywirusowego.<br \/>\nProgram domy\u015blnie dzia\u0142a na porcie 27000 i 29000 UDP (wyszukiwanie komputer\u00f3w) oraz 28000 TCP (komunikacja mi\u0119dzy klientem a serwerem.<\/p>\n<p>Klienta instaluje si\u0119 za pomoc\u0105 instalatora. Aby zainstalowa\u0107 serwer nale\u017cy zapisa\u0107 archiwum zip, wypakowa\u0107 zawarte w nim pliki i post\u0119powa\u0107 zgodnie ze wskaz\u00f3wkami zawartymi w pliku opisu. Pewne utrudnienie zwi\u0105zane z instalacj\u0105 serwera wynika z konieczno\u015bci wykonania takich czynno\u015bci, jak utworzenie katalogu w katalogu Windows, dodanie wpisu do rejestru itp. Osoby, dla kt\u00f3rych mog\u0142oby to by\u0107 nieco niejasne zach\u0119camy albo do kontaktu z nami, albo do poproszenia o pomoc zaprzyja\u017anionego &#8222;magika&#8221; komputerowego.<\/p>\n<p>R\u00f3\u017cnice mi\u0119dzy wersj\u0105 bezp\u0142atn\u0105 programu a wersj\u0105 p\u0142atn\u0105 (dost\u0119pna wkr\u00f3tce):<br \/>\n&#8211; program w wersji bezp\u0142atnej steruje tylko jednym komputerem zdalnym, je\u015bli w<br \/>\nsieci b\u0119dzie kilka komputer\u00f3w z zainstalowanym serwerem &#8211; pierwszy, kt\u00f3ry si\u0119<br \/>\nzg\u0142osi b\u0119dzie obs\u0142ugiwany<\/p>\n<p>&#8211; w wersji p\u0142atnej jest mo\u017cliwe ustawienie statycznych adres\u00f3w i port\u00f3w dla<br \/>\nkomputer\u00f3w zdalnych, umo\u017cliwia to sterowanie komputerami znajduj\u0105cymi si\u0119 poza<br \/>\nsieci\u0105 lokaln\u0105 (np. w wielu przypadkach b\u0119dzie mo\u017cna sterowa\u0107 komputerem dziecka np. z pracy)<\/p>\n<p>&#8211; w wersji p\u0142atnej dost\u0119pne jest bardziej szczeg\u00f3\u0142owe logowanie zdarze\u0144 a tak\u017ce<br \/>\nwy\u015bwietlanie potwierdze\u0144 ze zdalnych komputer\u00f3w o wykonanych poleceniach<\/p>\n<p>&#8211; do listy dost\u0119pnych zdefiniowanych komunikat\u00f3w automatycznie dopisuj\u0105 si\u0119 nowe<br \/>\nteksty<\/p>\n<p>&#8211; program zapami\u0119tuje swoje po\u0142o\u017cenie i rozmiar przy wy\u0142\u0105czaniu<\/p>\n<p><img decoding=\"async\" loading=\"lazy\" title=\"Klient v.1.0\" src=\"http:\/\/www.ciach.net\/aci\/wp-content\/uploads\/2012\/09\/klient_01.jpg\" alt=\"Ekran aplikacji klienta\" width=\"738\" height=\"478\" \/><\/p>\n","protected":false},"excerpt":{"rendered":"<p>Program Mini Zdalne Sterowanie v.1.0 Klient v.1.0 &#8211; ten komponent instaluje si\u0119 na komputerze &#8222;rodzica&#8221; Serwer v.1.0 &#8211; ten komponent instaluje si\u0119 na komputerze\/komputerach &#8222;dziecka&#8221; Klient i Serwer v.1.0 (razem) &#8211; paczka zawieraj\u0105ca komponent serwera i klienta Pomys\u0142 programu narodzi\u0142 &hellip; <a href=\"https:\/\/www.ciach.net\/aci\/?page_id=82\">Czytaj dalej <span class=\"meta-nav\">&rarr;<\/span><\/a><\/p>\n","protected":false},"author":1,"featured_media":0,"parent":0,"menu_order":100,"comment_status":"closed","ping_status":"closed","template":"","meta":[],"_links":{"self":[{"href":"https:\/\/www.ciach.net\/aci\/index.php?rest_route=\/wp\/v2\/pages\/82"}],"collection":[{"href":"https:\/\/www.ciach.net\/aci\/index.php?rest_route=\/wp\/v2\/pages"}],"about":[{"href":"https:\/\/www.ciach.net\/aci\/index.php?rest_route=\/wp\/v2\/types\/page"}],"author":[{"embeddable":true,"href":"https:\/\/www.ciach.net\/aci\/index.php?rest_route=\/wp\/v2\/users\/1"}],"replies":[{"embeddable":true,"href":"https:\/\/www.ciach.net\/aci\/index.php?rest_route=%2Fwp%2Fv2%2Fcomments&post=82"}],"version-history":[{"count":18,"href":"https:\/\/www.ciach.net\/aci\/index.php?rest_route=\/wp\/v2\/pages\/82\/revisions"}],"predecessor-version":[{"id":160,"href":"https:\/\/www.ciach.net\/aci\/index.php?rest_route=\/wp\/v2\/pages\/82\/revisions\/160"}],"wp:attachment":[{"href":"https:\/\/www.ciach.net\/aci\/index.php?rest_route=%2Fwp%2Fv2%2Fmedia&parent=82"}],"curies":[{"name":"wp","href":"https:\/\/api.w.org\/{rel}","templated":true}]}}