{"id":75,"date":"2012-08-01T15:37:36","date_gmt":"2012-08-01T13:37:36","guid":{"rendered":"http:\/\/www.ciach.net\/aci\/?page_id=75"},"modified":"2012-08-01T15:47:06","modified_gmt":"2012-08-01T13:47:06","slug":"programy-na-zamowienie","status":"publish","type":"page","link":"https:\/\/www.ciach.net\/aci\/?page_id=75","title":{"rendered":"Programy na zam\u00f3wienie"},"content":{"rendered":"<p>Czasem zdarza si\u0119, \u017ce w codziennej pracy brak nam narz\u0119dzia, kt\u00f3re by\u0142oby idealnie dopasowane do jej wykonania. Dotyczy to r\u00f3wnie\u017c narz\u0119dzi informatycznych. Nie zawsze mo\u017cna znale\u017a\u0107 program robi\u0105cy dok\u0142adnie to co chcemy i tak, jak chcemy. W takiej sytuacji warto rozwa\u017cy\u0107 stworzenie odpowiedniego narz\u0119dzia od podstaw, zgodnie z w\u0142asnymi za\u0142o\u017ceniami, w\u0142asnym &#8222;widzimisi\u0119&#8221;. W wielu przypadkach oka\u017ce si\u0119, \u017ce koszt takiego narz\u0119dzie b\u0142yskawicznie zwr\u00f3ci si\u0119 ze wzgl\u0119du na polepszenie wydajno\u015bci pracy, uwolnienie od wykonywania uci\u0105\u017cliwych i powtarzaj\u0105cych si\u0119 czynno\u015bci itp. Gdyby okaza\u0142o si\u0119, \u017ce mieli ju\u017c Pa\u0144stwo jaki\u015b pomys\u0142 na taki program, a nie wiedzieli, jak zorganizowa\u0107 jego stworzenie &#8211; zapraszam do kontaktu, na pewno w kr\u00f3tkiej rozmowie uda si\u0119 niekt\u00f3re rzeczy wyja\u015bni\u0107 i doj\u015b\u0107 do konkluzji, czy warto temat rozwija\u0107.<\/p>\n","protected":false},"excerpt":{"rendered":"<p>Czasem zdarza si\u0119, \u017ce w codziennej pracy brak nam narz\u0119dzia, kt\u00f3re by\u0142oby idealnie dopasowane do jej wykonania. Dotyczy to r\u00f3wnie\u017c narz\u0119dzi informatycznych. Nie zawsze mo\u017cna znale\u017a\u0107 program robi\u0105cy dok\u0142adnie to co chcemy i tak, jak chcemy. W takiej sytuacji warto &hellip; <a href=\"https:\/\/www.ciach.net\/aci\/?page_id=75\">Czytaj dalej <span class=\"meta-nav\">&rarr;<\/span><\/a><\/p>\n","protected":false},"author":1,"featured_media":0,"parent":2,"menu_order":0,"comment_status":"closed","ping_status":"open","template":"","meta":[],"_links":{"self":[{"href":"https:\/\/www.ciach.net\/aci\/index.php?rest_route=\/wp\/v2\/pages\/75"}],"collection":[{"href":"https:\/\/www.ciach.net\/aci\/index.php?rest_route=\/wp\/v2\/pages"}],"about":[{"href":"https:\/\/www.ciach.net\/aci\/index.php?rest_route=\/wp\/v2\/types\/page"}],"author":[{"embeddable":true,"href":"https:\/\/www.ciach.net\/aci\/index.php?rest_route=\/wp\/v2\/users\/1"}],"replies":[{"embeddable":true,"href":"https:\/\/www.ciach.net\/aci\/index.php?rest_route=%2Fwp%2Fv2%2Fcomments&post=75"}],"version-history":[{"count":4,"href":"https:\/\/www.ciach.net\/aci\/index.php?rest_route=\/wp\/v2\/pages\/75\/revisions"}],"predecessor-version":[{"id":78,"href":"https:\/\/www.ciach.net\/aci\/index.php?rest_route=\/wp\/v2\/pages\/75\/revisions\/78"}],"up":[{"embeddable":true,"href":"https:\/\/www.ciach.net\/aci\/index.php?rest_route=\/wp\/v2\/pages\/2"}],"wp:attachment":[{"href":"https:\/\/www.ciach.net\/aci\/index.php?rest_route=%2Fwp%2Fv2%2Fmedia&parent=75"}],"curies":[{"name":"wp","href":"https:\/\/api.w.org\/{rel}","templated":true}]}}