{"id":23,"date":"2012-08-01T12:41:12","date_gmt":"2012-08-01T10:41:12","guid":{"rendered":"http:\/\/www.ciach.net\/aci\/?page_id=23"},"modified":"2012-08-01T12:41:12","modified_gmt":"2012-08-01T10:41:12","slug":"poczatek-2","status":"publish","type":"page","link":"https:\/\/www.ciach.net\/aci\/","title":{"rendered":"Pocz\u0105tek :-)"},"content":{"rendered":"<p>Witamy na stronie firmy ACI. Zapraszamy do zapoznania si\u0119 z nasz\u0105 ofert\u0105.<\/p>\n","protected":false},"excerpt":{"rendered":"<p>Witamy na stronie firmy ACI. Zapraszamy do zapoznania si\u0119 z nasz\u0105 ofert\u0105.<\/p>\n","protected":false},"author":1,"featured_media":0,"parent":0,"menu_order":0,"comment_status":"closed","ping_status":"open","template":"","meta":[],"_links":{"self":[{"href":"https:\/\/www.ciach.net\/aci\/index.php?rest_route=\/wp\/v2\/pages\/23"}],"collection":[{"href":"https:\/\/www.ciach.net\/aci\/index.php?rest_route=\/wp\/v2\/pages"}],"about":[{"href":"https:\/\/www.ciach.net\/aci\/index.php?rest_route=\/wp\/v2\/types\/page"}],"author":[{"embeddable":true,"href":"https:\/\/www.ciach.net\/aci\/index.php?rest_route=\/wp\/v2\/users\/1"}],"replies":[{"embeddable":true,"href":"https:\/\/www.ciach.net\/aci\/index.php?rest_route=%2Fwp%2Fv2%2Fcomments&post=23"}],"version-history":[{"count":1,"href":"https:\/\/www.ciach.net\/aci\/index.php?rest_route=\/wp\/v2\/pages\/23\/revisions"}],"predecessor-version":[{"id":24,"href":"https:\/\/www.ciach.net\/aci\/index.php?rest_route=\/wp\/v2\/pages\/23\/revisions\/24"}],"wp:attachment":[{"href":"https:\/\/www.ciach.net\/aci\/index.php?rest_route=%2Fwp%2Fv2%2Fmedia&parent=23"}],"curies":[{"name":"wp","href":"https:\/\/api.w.org\/{rel}","templated":true}]}}