{"id":2,"date":"2012-08-01T08:26:03","date_gmt":"2012-08-01T08:26:03","guid":{"rendered":"http:\/\/www.ciach.net\/wordpress\/?page_id=2"},"modified":"2012-08-01T15:38:43","modified_gmt":"2012-08-01T13:38:43","slug":"zakres-uslug","status":"publish","type":"page","link":"https:\/\/www.ciach.net\/aci\/?page_id=2","title":{"rendered":"Zakres us\u0142ug"},"content":{"rendered":"<ol>\n<li>Sprzeda\u017c i instalacja oprogramowania.<\/li>\n<li><a href=\"http:\/\/www.ciach.net\/aci\/?page_id=75\" title=\"Programy na zam\u00f3wienie\">Pisanie program\u00f3w na zlecenie.<\/a><\/li>\n<li>Budowa sieci komputerowych.<\/li>\n<li>Instalacja, konfiguracja i administracja serwerami internetowymi, pocztowymi (w oparciu o r\u00f3\u017cne dystrybucje systemu Linux).<\/li>\n<li>Nadz\u00f3r nad sieciami komputerowymi w siedzibie klienta.<\/li>\n<\/ol>\n<p>\nAle tak naprawd\u0119 mo\u017cna si\u0119 do nas zwr\u00f3ci\u0107 z bardzo wieloma codziennymi problemami zwi\u0105zanymi z szeroko poj\u0119t\u0105 obs\u0142ug\u0105 informatyczn\u0105. Nawet, je\u015bli czego\u015b nie b\u0119dziemy wiedzieli czy potrafili &#8211; nakierujemy na firm\u0119, osob\u0119, kt\u00f3ra udzieli niezb\u0119dnej pomocy. A porozmawia\u0107 zawsze warto \ud83d\ude42<\/p>\n","protected":false},"excerpt":{"rendered":"<p>Sprzeda\u017c i instalacja oprogramowania. Pisanie program\u00f3w na zlecenie. Budowa sieci komputerowych. Instalacja, konfiguracja i administracja serwerami internetowymi, pocztowymi (w oparciu o r\u00f3\u017cne dystrybucje systemu Linux). Nadz\u00f3r nad sieciami komputerowymi w siedzibie klienta. Ale tak naprawd\u0119 mo\u017cna si\u0119 do nas zwr\u00f3ci\u0107 &hellip; <a href=\"https:\/\/www.ciach.net\/aci\/?page_id=2\">Czytaj dalej <span class=\"meta-nav\">&rarr;<\/span><\/a><\/p>\n","protected":false},"author":1,"featured_media":0,"parent":0,"menu_order":0,"comment_status":"open","ping_status":"open","template":"","meta":[],"_links":{"self":[{"href":"https:\/\/www.ciach.net\/aci\/index.php?rest_route=\/wp\/v2\/pages\/2"}],"collection":[{"href":"https:\/\/www.ciach.net\/aci\/index.php?rest_route=\/wp\/v2\/pages"}],"about":[{"href":"https:\/\/www.ciach.net\/aci\/index.php?rest_route=\/wp\/v2\/types\/page"}],"author":[{"embeddable":true,"href":"https:\/\/www.ciach.net\/aci\/index.php?rest_route=\/wp\/v2\/users\/1"}],"replies":[{"embeddable":true,"href":"https:\/\/www.ciach.net\/aci\/index.php?rest_route=%2Fwp%2Fv2%2Fcomments&post=2"}],"version-history":[{"count":8,"href":"https:\/\/www.ciach.net\/aci\/index.php?rest_route=\/wp\/v2\/pages\/2\/revisions"}],"predecessor-version":[{"id":77,"href":"https:\/\/www.ciach.net\/aci\/index.php?rest_route=\/wp\/v2\/pages\/2\/revisions\/77"}],"wp:attachment":[{"href":"https:\/\/www.ciach.net\/aci\/index.php?rest_route=%2Fwp%2Fv2%2Fmedia&parent=2"}],"curies":[{"name":"wp","href":"https:\/\/api.w.org\/{rel}","templated":true}]}}