{"id":134,"date":"2012-09-12T00:32:14","date_gmt":"2012-09-11T22:32:14","guid":{"rendered":"http:\/\/www.ciach.net\/aci\/?page_id=134"},"modified":"2012-09-12T01:04:40","modified_gmt":"2012-09-11T23:04:40","slug":"restart-i-wylaczenie-komputera","status":"publish","type":"page","link":"https:\/\/www.ciach.net\/aci\/?page_id=134","title":{"rendered":"Restart i wy\u0142\u0105czenie komputera"},"content":{"rendered":"<p>[:pl]Przed \u015bci\u0105gni\u0119ciem pliku prosz\u0119 zapozna\u0107 si\u0119 z licencj\u0105 :<br \/>\n<a href=\"http:\/\/www.ciach.net\/aci\/?page_id=128\" title=\"Programy Freeware\">LICENCJA<\/a><\/p>\n<p>Dwa banalne programiki &#8211; ale korzystam z nich co dzie\u0144.  Nazwy m\u00f3wi\u0105 chyba same za siebie <a href=\"http:\/\/www.ciach.net\/aci\/download\/stop.exe\" title=\"Wy\u0142\u0105cz komputer\">stop.exe<\/a> po prostu wy\u0142\u0105cza komputer. Nie trzeba klika\u0107 w menu START, szuka\u0107 opcji, sprawdzi\u0107, czy domy\u015blnie nie ma hibernacji itp.<br \/>\n<a href=\"http:\/\/www.ciach.net\/aci\/download\/restart.exe\" title=\"Restart komputera\">restart.exe<\/a> &#8211; jak sama nazwa wskazuje \ud83d\ude42<\/p>\n<p>[:gb]Before you download file &#8211; please read the licence (you can translate it with i.e Google Translator)<br \/>\n<a href=\"http:\/\/www.ciach.net\/aci\/?page_id=128\" title=\"Programy Freeware\">LICENCE<\/a><\/p>\n<p>Two verey simple programs &#8211; one to restart computer and second to close it.<br \/>\n<a href=\"http:\/\/www.ciach.net\/aci\/download\/stop.exe\" title=\"Close compter\">Close computer &#8211; stop.exe<\/a><br \/>\n<a href=\"http:\/\/www.ciach.net\/aci\/download\/restart.exe\" title=\"Restart computer\">Restart computer &#8211; restart.exe<\/a><\/p>\n","protected":false},"excerpt":{"rendered":"<p>[:pl]Przed \u015bci\u0105gni\u0119ciem pliku prosz\u0119 zapozna\u0107 si\u0119 z licencj\u0105 : LICENCJA Dwa banalne programiki &#8211; ale korzystam z nich co dzie\u0144. Nazwy m\u00f3wi\u0105 chyba same za siebie stop.exe po prostu wy\u0142\u0105cza komputer. Nie trzeba klika\u0107 w menu START, szuka\u0107 opcji, sprawdzi\u0107, &hellip; <a href=\"https:\/\/www.ciach.net\/aci\/?page_id=134\">Czytaj dalej <span class=\"meta-nav\">&rarr;<\/span><\/a><\/p>\n","protected":false},"author":1,"featured_media":0,"parent":128,"menu_order":0,"comment_status":"closed","ping_status":"open","template":"","meta":[],"_links":{"self":[{"href":"https:\/\/www.ciach.net\/aci\/index.php?rest_route=\/wp\/v2\/pages\/134"}],"collection":[{"href":"https:\/\/www.ciach.net\/aci\/index.php?rest_route=\/wp\/v2\/pages"}],"about":[{"href":"https:\/\/www.ciach.net\/aci\/index.php?rest_route=\/wp\/v2\/types\/page"}],"author":[{"embeddable":true,"href":"https:\/\/www.ciach.net\/aci\/index.php?rest_route=\/wp\/v2\/users\/1"}],"replies":[{"embeddable":true,"href":"https:\/\/www.ciach.net\/aci\/index.php?rest_route=%2Fwp%2Fv2%2Fcomments&post=134"}],"version-history":[{"count":3,"href":"https:\/\/www.ciach.net\/aci\/index.php?rest_route=\/wp\/v2\/pages\/134\/revisions"}],"predecessor-version":[{"id":148,"href":"https:\/\/www.ciach.net\/aci\/index.php?rest_route=\/wp\/v2\/pages\/134\/revisions\/148"}],"up":[{"embeddable":true,"href":"https:\/\/www.ciach.net\/aci\/index.php?rest_route=\/wp\/v2\/pages\/128"}],"wp:attachment":[{"href":"https:\/\/www.ciach.net\/aci\/index.php?rest_route=%2Fwp%2Fv2%2Fmedia&parent=134"}],"curies":[{"name":"wp","href":"https:\/\/api.w.org\/{rel}","templated":true}]}}