{"id":132,"date":"2012-09-12T00:31:38","date_gmt":"2012-09-11T22:31:38","guid":{"rendered":"http:\/\/www.ciach.net\/aci\/?page_id=132"},"modified":"2012-09-12T01:06:04","modified_gmt":"2012-09-11T23:06:04","slug":"pokaz-pulpit","status":"publish","type":"page","link":"https:\/\/www.ciach.net\/aci\/?page_id=132","title":{"rendered":"Poka\u017c pulpit"},"content":{"rendered":"<p>[:pl]Przed \u015bci\u0105gni\u0119ciem pliku prosz\u0119 zapozna\u0107 si\u0119 z licencj\u0105 :<br \/>\n<a href=\"http:\/\/www.ciach.net\/aci\/?page_id=128\" title=\"Programy Freeware\">LICENCJA<\/a><\/p>\n<p>Funkcja, kt\u00f3ra niby jest w Windows 7 &#8211; ale mi zwyczajnie brakowa\u0142o takiej funkcjonalno\u015bci, jaka by\u0142a w XP i w Vi\u015bcie &#8211; czyli przycisku &#8222;Poka\u017c pulpit&#8221; w okolicy &#8222;Menu Start&#8221;.<br \/>\nTen programik : <a href=\"http:\/\/www.ciach.net\/aci\/download\/pokaz_pulpit.exe\" title=\"Poka\u017c pulpit\">pokaz_pulpit.exe<\/a> mo\u017cna przypi\u0105\u0107 do paska zada\u0144 &#8211; i np. ja go lubi\u0119.<\/p>\n<p>[:gb]Before you download file &#8211; please read the licence (you can translate it with i.e Google Translator)<br \/>\n<a href=\"http:\/\/www.ciach.net\/aci\/?page_id=128\" title=\"Programy Freeware\">LICENCE<\/a><\/p>\n<p>Programm, which you can pin to Task Bar &#8211; when you click it &#8211; it shows you desktop. There was a function like that in Windows XP, in W7 there is something similar, but I preffer that version.<br \/>\n<a href=\"http:\/\/www.ciach.net\/aci\/download\/pokaz_pulpit.exe\" title=\"Show desktop\">Show desktop<\/a><\/p>\n","protected":false},"excerpt":{"rendered":"<p>[:pl]Przed \u015bci\u0105gni\u0119ciem pliku prosz\u0119 zapozna\u0107 si\u0119 z licencj\u0105 : LICENCJA Funkcja, kt\u00f3ra niby jest w Windows 7 &#8211; ale mi zwyczajnie brakowa\u0142o takiej funkcjonalno\u015bci, jaka by\u0142a w XP i w Vi\u015bcie &#8211; czyli przycisku &#8222;Poka\u017c pulpit&#8221; w okolicy &#8222;Menu Start&#8221;. &hellip; <a href=\"https:\/\/www.ciach.net\/aci\/?page_id=132\">Czytaj dalej <span class=\"meta-nav\">&rarr;<\/span><\/a><\/p>\n","protected":false},"author":1,"featured_media":0,"parent":128,"menu_order":0,"comment_status":"closed","ping_status":"open","template":"","meta":[],"_links":{"self":[{"href":"https:\/\/www.ciach.net\/aci\/index.php?rest_route=\/wp\/v2\/pages\/132"}],"collection":[{"href":"https:\/\/www.ciach.net\/aci\/index.php?rest_route=\/wp\/v2\/pages"}],"about":[{"href":"https:\/\/www.ciach.net\/aci\/index.php?rest_route=\/wp\/v2\/types\/page"}],"author":[{"embeddable":true,"href":"https:\/\/www.ciach.net\/aci\/index.php?rest_route=\/wp\/v2\/users\/1"}],"replies":[{"embeddable":true,"href":"https:\/\/www.ciach.net\/aci\/index.php?rest_route=%2Fwp%2Fv2%2Fcomments&post=132"}],"version-history":[{"count":5,"href":"https:\/\/www.ciach.net\/aci\/index.php?rest_route=\/wp\/v2\/pages\/132\/revisions"}],"predecessor-version":[{"id":146,"href":"https:\/\/www.ciach.net\/aci\/index.php?rest_route=\/wp\/v2\/pages\/132\/revisions\/146"}],"up":[{"embeddable":true,"href":"https:\/\/www.ciach.net\/aci\/index.php?rest_route=\/wp\/v2\/pages\/128"}],"wp:attachment":[{"href":"https:\/\/www.ciach.net\/aci\/index.php?rest_route=%2Fwp%2Fv2%2Fmedia&parent=132"}],"curies":[{"name":"wp","href":"https:\/\/api.w.org\/{rel}","templated":true}]}}