{"id":130,"date":"2012-09-12T00:27:56","date_gmt":"2012-09-11T22:27:56","guid":{"rendered":"http:\/\/www.ciach.net\/aci\/?page_id=130"},"modified":"2012-09-12T16:54:23","modified_gmt":"2012-09-12T14:54:23","slug":"zegar-led","status":"publish","type":"page","link":"https:\/\/www.ciach.net\/aci\/?page_id=130","title":{"rendered":"Zegar LED"},"content":{"rendered":"<p>[:pl]Przed \u015bci\u0105gni\u0119ciem pliku prosz\u0119 zapozna\u0107 si\u0119 z licencj\u0105 :<br \/>\n<a href=\"http:\/\/www.ciach.net\/aci\/?page_id=128\" title=\"Programy Freeware\">LICENCJA<\/a><\/p>\n<p>Troszk\u0119 wzbogacona wersja prostego zegara na pulpit &#8211; po klikni\u0119ciu prawym przyciskiem myszy (w obr\u0119bie cyfry, daty) jest opcja wy\u015bwietlenia kalendarza &#8211; z miesi\u0105cem wcze\u015bniejszym i p\u00f3\u017aniejszym od bierz\u0105cego.<\/p>\n<p><a title=\"Zegar LED\" href=\"http:\/\/www.ciach.net\/aci\/download\/ZegarLed.exe\">Link do aktualnej wersji<\/a><br \/>\n<img decoding=\"async\" src=\"http:\/\/www.ciach.net\/aci\/wp-content\/uploads\/2012\/09\/zegar_led.jpg\" alt=\"Zegar LED na pulpicie\" \/><\/p>\n<p>[:gb]Before you download file &#8211; please read the licence (you can translate it with i.e Google Translator)<br \/>\n<a href=\"http:\/\/www.ciach.net\/aci\/?page_id=128\" title=\"Programy Freeware\">LICENCE<\/a><\/p>\n<p>Simple clock for desktop. When you click with right mouse button on some part of clock (date, digit) you get access to calendar and to close function. It does not need any instalation.<\/p>\n<p><a title=\"Zegar LED\" href=\"http:\/\/www.ciach.net\/aci\/download\/ZegarLed.exe\">Current version<\/a><br \/>\n<img decoding=\"async\" src=\"http:\/\/www.ciach.net\/aci\/wp-content\/uploads\/2012\/09\/zegar_led.jpg\" alt=\"Zegar LED na pulpicie\" \/><\/p>\n","protected":false},"excerpt":{"rendered":"<p>[:pl]Przed \u015bci\u0105gni\u0119ciem pliku prosz\u0119 zapozna\u0107 si\u0119 z licencj\u0105 : LICENCJA Troszk\u0119 wzbogacona wersja prostego zegara na pulpit &#8211; po klikni\u0119ciu prawym przyciskiem myszy (w obr\u0119bie cyfry, daty) jest opcja wy\u015bwietlenia kalendarza &#8211; z miesi\u0105cem wcze\u015bniejszym i p\u00f3\u017aniejszym od bierz\u0105cego. Link &hellip; <a href=\"https:\/\/www.ciach.net\/aci\/?page_id=130\">Czytaj dalej <span class=\"meta-nav\">&rarr;<\/span><\/a><\/p>\n","protected":false},"author":1,"featured_media":0,"parent":128,"menu_order":0,"comment_status":"closed","ping_status":"open","template":"","meta":[],"_links":{"self":[{"href":"https:\/\/www.ciach.net\/aci\/index.php?rest_route=\/wp\/v2\/pages\/130"}],"collection":[{"href":"https:\/\/www.ciach.net\/aci\/index.php?rest_route=\/wp\/v2\/pages"}],"about":[{"href":"https:\/\/www.ciach.net\/aci\/index.php?rest_route=\/wp\/v2\/types\/page"}],"author":[{"embeddable":true,"href":"https:\/\/www.ciach.net\/aci\/index.php?rest_route=\/wp\/v2\/users\/1"}],"replies":[{"embeddable":true,"href":"https:\/\/www.ciach.net\/aci\/index.php?rest_route=%2Fwp%2Fv2%2Fcomments&post=130"}],"version-history":[{"count":5,"href":"https:\/\/www.ciach.net\/aci\/index.php?rest_route=\/wp\/v2\/pages\/130\/revisions"}],"predecessor-version":[{"id":153,"href":"https:\/\/www.ciach.net\/aci\/index.php?rest_route=\/wp\/v2\/pages\/130\/revisions\/153"}],"up":[{"embeddable":true,"href":"https:\/\/www.ciach.net\/aci\/index.php?rest_route=\/wp\/v2\/pages\/128"}],"wp:attachment":[{"href":"https:\/\/www.ciach.net\/aci\/index.php?rest_route=%2Fwp%2Fv2%2Fmedia&parent=130"}],"curies":[{"name":"wp","href":"https:\/\/api.w.org\/{rel}","templated":true}]}}