{"id":128,"date":"2012-09-12T00:25:40","date_gmt":"2012-09-11T22:25:40","guid":{"rendered":"http:\/\/www.ciach.net\/aci\/?page_id=128"},"modified":"2019-04-11T12:22:19","modified_gmt":"2019-04-11T10:22:19","slug":"programy-freeware","status":"publish","type":"page","link":"https:\/\/www.ciach.net\/aci\/?page_id=128","title":{"rendered":"Programy Freeware"},"content":{"rendered":"<p>Programy dost\u0119pne w tym dziale s\u0105 dost\u0119pne jako darmowe, na zasadach nast\u0119puj\u0105cej licencji :<\/p>\n<p>Oprogramowanie freeware ze strony <a href=\"http:\/\/www.ciach.net\" title=\"http:\/\/www.ciach.net\">http:\/\/www.ciach.net<\/a> mo\u017ce by\u0107 u\u017cywane tylko z zachowaniem warunk\u00f3w<br \/>\nniniejszej licencji.<\/p>\n<p>1. Oprogramowanie jest dost\u0119pne na zasadach freeware, tzn. \u017ce u\u017cywanie oprogramowania<br \/>\n   w spos\u00f3b zgodny z niniejsz\u0105 licencj\u0105 jest ca\u0142kowicie bezp\u0142atne.<br \/>\n2. W ramach licencji zezwala si\u0119 na udzielanie sublicencji, korzystanie, kopiowanie<br \/>\n   i rozpowszechnianie oprogramowania oraz za\u0142\u0105czonej dokumentacji. Oprogramowanie mo\u017ce<br \/>\n   by\u0107 kopiowane i rozpowszechniane tylko z za\u0142\u0105czon\u0105 dokumentacj\u0105, na warunkach w niej<br \/>\n   okre\u015blonych, przy u\u017cyciu urz\u0105dze\u0144 zapewniaj\u0105cych sporz\u0105dzenie wiernych kopii.<br \/>\n3. Licencja nie obejmuje prawa do jakiejkolwiek modyfikacji oprogramowania ani za\u0142\u0105czonej<br \/>\n   dokumentacji. Oprogramowanie mo\u017ce by\u0107 kopiowane i rozpowszechniane tylko w ca\u0142o\u015bci.<br \/>\n4. ACI Andrzej Ciach zastrzega sobie prawa autorskie do oprogramowania i dokumentacji.<br \/>\n   Usuwanie albo ukrywanie noty copyright jest zabronione.<br \/>\n5. Na oprogramowanie nie udziela si\u0119 gwarancji, a r\u0119kojmia zostaje wy\u0142\u0105czona.<br \/>\n6. Przy zakupie wersji p\u0142atnej zostanie dostarczony tekst odpowiedniej licencji<\/p>\n","protected":false},"excerpt":{"rendered":"<p>Programy dost\u0119pne w tym dziale s\u0105 dost\u0119pne jako darmowe, na zasadach nast\u0119puj\u0105cej licencji : Oprogramowanie freeware ze strony http:\/\/www.ciach.net mo\u017ce by\u0107 u\u017cywane tylko z zachowaniem warunk\u00f3w niniejszej licencji. 1. Oprogramowanie jest dost\u0119pne na zasadach freeware, tzn. \u017ce u\u017cywanie oprogramowania w &hellip; <a href=\"https:\/\/www.ciach.net\/aci\/?page_id=128\">Czytaj dalej <span class=\"meta-nav\">&rarr;<\/span><\/a><\/p>\n","protected":false},"author":1,"featured_media":0,"parent":0,"menu_order":150,"comment_status":"closed","ping_status":"closed","template":"","meta":[],"_links":{"self":[{"href":"https:\/\/www.ciach.net\/aci\/index.php?rest_route=\/wp\/v2\/pages\/128"}],"collection":[{"href":"https:\/\/www.ciach.net\/aci\/index.php?rest_route=\/wp\/v2\/pages"}],"about":[{"href":"https:\/\/www.ciach.net\/aci\/index.php?rest_route=\/wp\/v2\/types\/page"}],"author":[{"embeddable":true,"href":"https:\/\/www.ciach.net\/aci\/index.php?rest_route=\/wp\/v2\/users\/1"}],"replies":[{"embeddable":true,"href":"https:\/\/www.ciach.net\/aci\/index.php?rest_route=%2Fwp%2Fv2%2Fcomments&post=128"}],"version-history":[{"count":1,"href":"https:\/\/www.ciach.net\/aci\/index.php?rest_route=\/wp\/v2\/pages\/128\/revisions"}],"predecessor-version":[{"id":129,"href":"https:\/\/www.ciach.net\/aci\/index.php?rest_route=\/wp\/v2\/pages\/128\/revisions\/129"}],"wp:attachment":[{"href":"https:\/\/www.ciach.net\/aci\/index.php?rest_route=%2Fwp%2Fv2%2Fmedia&parent=128"}],"curies":[{"name":"wp","href":"https:\/\/api.w.org\/{rel}","templated":true}]}}